{"id":5899,"date":"2017-09-06T12:50:08","date_gmt":"2017-09-06T10:50:08","guid":{"rendered":"http:\/\/blaze.edge-themes.com\/?post_type=product&#038;p=5899"},"modified":"2023-12-10T20:13:10","modified_gmt":"2023-12-10T19:13:10","slug":"zwiazany","status":"publish","type":"product","link":"https:\/\/banasik.art\/sklep\/sztuka\/zwiazany\/","title":{"rendered":"Naszynik &#8222;Zwi\u0105zany&#8221;"},"content":{"rendered":"<p>Naszyjnik &#8222;Zwi\u0105zany&#8221; to wyj\u0105tkowy i oryginalny dodatek wykonany ze srebra przez utalentowanego artyst\u0119-rze\u017abiarza. Ten r\u0119cznie wykonany naszyjnik emanuje elegancj\u0105 i wywo\u0142uje silne emocje.<\/p>\n<p>Centralnym elementem naszyjnika jest zawieszka przedstawiaj\u0105ca gest d\u0142oni w formie &#8222;Zwi\u0105zania&#8221;. Ten symboliczny gest d\u0142oni symbolizuje wi\u0119zy, po\u0142\u0105czenie i wzajemn\u0105 zale\u017cno\u015b\u0107. Przedstawienie tego gestu na naszyjniku przypomina o sile relacji, blisko\u015bci oraz zwi\u0105zku mi\u0119dzy lud\u017ami.<\/p>\n<p>Naszyjnik jest zawieszony na delikatnym, srebrnym \u0142a\u0144cuszku, kt\u00f3ry dodaje mu wyrafinowania i subtelno\u015bci. Ca\u0142a kompozycja tworzy harmonijn\u0105 i estetyczn\u0105 kombinacj\u0119.<\/p>\n<p>Wykonany w\u0142asnor\u0119cznie przez artyst\u0119-rze\u017abiarza, naszyjnik &#8222;Zwi\u0105zany&#8221; jest niepowtarzalnym kawa\u0142kiem bi\u017cuterii, kt\u00f3ry wyra\u017ca indywidualno\u015b\u0107 i kunszt tw\u00f3rcy. Ka\u017cdy egzemplarz jest starannie formowany, co sprawia, \u017ce ka\u017cdy noszony naszyjnik jest wyj\u0105tkowy i posiada pewien stopie\u0144 unikalno\u015bci.<\/p>\n<p>Ten naszyjnik doskonale uzupe\u0142nia r\u00f3\u017cnorodne stylizacje, dodaj\u0105c im elegancji i wyrafinowania. Mo\u017ce by\u0107 noszony jako symbol wi\u0119zi z ukochan\u0105 osob\u0105, wyraz mi\u0142o\u015bci i blisko\u015bci, a tak\u017ce jako wyj\u0105tkowy prezent dla kogo\u015b wa\u017cnego.<\/p>\n","protected":false},"excerpt":{"rendered":"<p>Naszyjnik &#8222;Zwi\u0105zany&#8221; to wyj\u0105tkowy i oryginalny dodatek wykonany ze srebra przez utalentowanego artyst\u0119-rze\u017abiarza. Ten r\u0119cznie wykonany naszyjnik emanuje elegancj\u0105 i wywo\u0142uje silne emocje. Centralnym elementem naszyjnika jest zawieszka przedstawiaj\u0105ca gest d\u0142oni w formie &#8222;Zwi\u0105zania&#8221;. Ten symboliczny gest d\u0142oni symbolizuje wi\u0119zy, po\u0142\u0105czenie i wzajemn\u0105 zale\u017cno\u015b\u0107. Przedstawienie&#8230;<\/p>\n","protected":false},"featured_media":6558,"comment_status":"open","ping_status":"closed","template":"","meta":{"spay_email":""},"product_cat":[70],"product_tag":[],"class_list":["post-5899","product","type-product","status-publish","has-post-thumbnail","hentry","product_cat-naszyjniki-srebrne"],"yoast_head":"<!-- This site is optimized with the Yoast SEO plugin v18.6 - https:\/\/yoast.com\/wordpress\/plugins\/seo\/ -->\n<title>Naszynik &quot;Zwi\u0105zany&quot; - Banasik Jewelry<\/title>\n<meta name=\"robots\" content=\"index, follow, max-snippet:-1, max-image-preview:large, max-video-preview:-1\" \/>\n<link rel=\"canonical\" href=\"https:\/\/banasik.art\/sklep\/sztuka\/zwiazany\/\" \/>\n<meta property=\"og:locale\" content=\"pl_PL\" \/>\n<meta property=\"og:type\" content=\"article\" \/>\n<meta property=\"og:title\" content=\"Naszynik &quot;Zwi\u0105zany&quot; - Banasik Jewelry\" \/>\n<meta property=\"og:description\" content=\"Naszyjnik &#8222;Zwi\u0105zany&#8221; to wyj\u0105tkowy i oryginalny dodatek wykonany ze srebra przez utalentowanego artyst\u0119-rze\u017abiarza. Ten r\u0119cznie wykonany naszyjnik emanuje elegancj\u0105 i wywo\u0142uje silne emocje. Centralnym elementem naszyjnika jest zawieszka przedstawiaj\u0105ca gest d\u0142oni w formie &#8222;Zwi\u0105zania&#8221;. Ten symboliczny gest d\u0142oni symbolizuje wi\u0119zy, po\u0142\u0105czenie i wzajemn\u0105 zale\u017cno\u015b\u0107. Przedstawienie...\" \/>\n<meta property=\"og:url\" content=\"https:\/\/banasik.art\/sklep\/sztuka\/zwiazany\/\" \/>\n<meta property=\"og:site_name\" content=\"Banasik Jewelry\" \/>\n<meta property=\"article:modified_time\" content=\"2023-12-10T19:13:10+00:00\" \/>\n<meta property=\"og:image\" content=\"https:\/\/banasik.art\/sklep\/wp-content\/uploads\/2017\/09\/DSC_2073b_Easy-Resize.com_.jpg\" \/>\n\t<meta property=\"og:image:width\" content=\"1024\" \/>\n\t<meta property=\"og:image:height\" content=\"683\" \/>\n\t<meta property=\"og:image:type\" content=\"image\/jpeg\" \/>\n<meta name=\"twitter:card\" content=\"summary_large_image\" \/>\n<meta name=\"twitter:label1\" content=\"Szacowany czas czytania\" \/>\n\t<meta name=\"twitter:data1\" content=\"1 minuta\" \/>\n<script type=\"application\/ld+json\" class=\"yoast-schema-graph\">{\"@context\":\"https:\/\/schema.org\",\"@graph\":[{\"@type\":\"WebSite\",\"@id\":\"https:\/\/banasik.art\/sklep\/#website\",\"url\":\"https:\/\/banasik.art\/sklep\/\",\"name\":\"Banasik Jewelry\",\"description\":\"Bi\u017cuteria prosto z pracowni rze\u017abiarza\",\"potentialAction\":[{\"@type\":\"SearchAction\",\"target\":{\"@type\":\"EntryPoint\",\"urlTemplate\":\"https:\/\/banasik.art\/sklep\/?s={search_term_string}\"},\"query-input\":\"required name=search_term_string\"}],\"inLanguage\":\"pl-PL\"},{\"@type\":\"ImageObject\",\"@id\":\"https:\/\/banasik.art\/sklep\/sztuka\/zwiazany\/#primaryimage\",\"inLanguage\":\"pl-PL\",\"url\":\"https:\/\/banasik.art\/sklep\/wp-content\/uploads\/2017\/09\/DSC_2073b_Easy-Resize.com_.jpg\",\"contentUrl\":\"https:\/\/banasik.art\/sklep\/wp-content\/uploads\/2017\/09\/DSC_2073b_Easy-Resize.com_.jpg\",\"width\":1024,\"height\":683},{\"@type\":\"WebPage\",\"@id\":\"https:\/\/banasik.art\/sklep\/sztuka\/zwiazany\/#webpage\",\"url\":\"https:\/\/banasik.art\/sklep\/sztuka\/zwiazany\/\",\"name\":\"Naszynik \\\"Zwi\u0105zany\\\" - Banasik Jewelry\",\"isPartOf\":{\"@id\":\"https:\/\/banasik.art\/sklep\/#website\"},\"primaryImageOfPage\":{\"@id\":\"https:\/\/banasik.art\/sklep\/sztuka\/zwiazany\/#primaryimage\"},\"datePublished\":\"2017-09-06T10:50:08+00:00\",\"dateModified\":\"2023-12-10T19:13:10+00:00\",\"breadcrumb\":{\"@id\":\"https:\/\/banasik.art\/sklep\/sztuka\/zwiazany\/#breadcrumb\"},\"inLanguage\":\"pl-PL\",\"potentialAction\":[{\"@type\":\"ReadAction\",\"target\":[\"https:\/\/banasik.art\/sklep\/sztuka\/zwiazany\/\"]}]},{\"@type\":\"BreadcrumbList\",\"@id\":\"https:\/\/banasik.art\/sklep\/sztuka\/zwiazany\/#breadcrumb\",\"itemListElement\":[{\"@type\":\"ListItem\",\"position\":1,\"name\":\"Strona g\u0142\u00f3wna\",\"item\":\"https:\/\/banasik.art\/sklep\/\"},{\"@type\":\"ListItem\",\"position\":2,\"name\":\"Sklep\",\"item\":\"https:\/\/banasik.art\/sklep\/\"},{\"@type\":\"ListItem\",\"position\":3,\"name\":\"Naszynik &#8222;Zwi\u0105zany&#8221;\"}]}]}<\/script>\n<!-- \/ Yoast SEO plugin. -->","yoast_head_json":{"title":"Naszynik \"Zwi\u0105zany\" - Banasik Jewelry","robots":{"index":"index","follow":"follow","max-snippet":"max-snippet:-1","max-image-preview":"max-image-preview:large","max-video-preview":"max-video-preview:-1"},"canonical":"https:\/\/banasik.art\/sklep\/sztuka\/zwiazany\/","og_locale":"pl_PL","og_type":"article","og_title":"Naszynik \"Zwi\u0105zany\" - Banasik Jewelry","og_description":"Naszyjnik &#8222;Zwi\u0105zany&#8221; to wyj\u0105tkowy i oryginalny dodatek wykonany ze srebra przez utalentowanego artyst\u0119-rze\u017abiarza. Ten r\u0119cznie wykonany naszyjnik emanuje elegancj\u0105 i wywo\u0142uje silne emocje. Centralnym elementem naszyjnika jest zawieszka przedstawiaj\u0105ca gest d\u0142oni w formie &#8222;Zwi\u0105zania&#8221;. Ten symboliczny gest d\u0142oni symbolizuje wi\u0119zy, po\u0142\u0105czenie i wzajemn\u0105 zale\u017cno\u015b\u0107. Przedstawienie...","og_url":"https:\/\/banasik.art\/sklep\/sztuka\/zwiazany\/","og_site_name":"Banasik Jewelry","article_modified_time":"2023-12-10T19:13:10+00:00","og_image":[{"width":1024,"height":683,"url":"https:\/\/banasik.art\/sklep\/wp-content\/uploads\/2017\/09\/DSC_2073b_Easy-Resize.com_.jpg","type":"image\/jpeg"}],"twitter_card":"summary_large_image","twitter_misc":{"Szacowany czas czytania":"1 minuta"},"schema":{"@context":"https:\/\/schema.org","@graph":[{"@type":"WebSite","@id":"https:\/\/banasik.art\/sklep\/#website","url":"https:\/\/banasik.art\/sklep\/","name":"Banasik Jewelry","description":"Bi\u017cuteria prosto z pracowni rze\u017abiarza","potentialAction":[{"@type":"SearchAction","target":{"@type":"EntryPoint","urlTemplate":"https:\/\/banasik.art\/sklep\/?s={search_term_string}"},"query-input":"required name=search_term_string"}],"inLanguage":"pl-PL"},{"@type":"ImageObject","@id":"https:\/\/banasik.art\/sklep\/sztuka\/zwiazany\/#primaryimage","inLanguage":"pl-PL","url":"https:\/\/banasik.art\/sklep\/wp-content\/uploads\/2017\/09\/DSC_2073b_Easy-Resize.com_.jpg","contentUrl":"https:\/\/banasik.art\/sklep\/wp-content\/uploads\/2017\/09\/DSC_2073b_Easy-Resize.com_.jpg","width":1024,"height":683},{"@type":"WebPage","@id":"https:\/\/banasik.art\/sklep\/sztuka\/zwiazany\/#webpage","url":"https:\/\/banasik.art\/sklep\/sztuka\/zwiazany\/","name":"Naszynik \"Zwi\u0105zany\" - Banasik Jewelry","isPartOf":{"@id":"https:\/\/banasik.art\/sklep\/#website"},"primaryImageOfPage":{"@id":"https:\/\/banasik.art\/sklep\/sztuka\/zwiazany\/#primaryimage"},"datePublished":"2017-09-06T10:50:08+00:00","dateModified":"2023-12-10T19:13:10+00:00","breadcrumb":{"@id":"https:\/\/banasik.art\/sklep\/sztuka\/zwiazany\/#breadcrumb"},"inLanguage":"pl-PL","potentialAction":[{"@type":"ReadAction","target":["https:\/\/banasik.art\/sklep\/sztuka\/zwiazany\/"]}]},{"@type":"BreadcrumbList","@id":"https:\/\/banasik.art\/sklep\/sztuka\/zwiazany\/#breadcrumb","itemListElement":[{"@type":"ListItem","position":1,"name":"Strona g\u0142\u00f3wna","item":"https:\/\/banasik.art\/sklep\/"},{"@type":"ListItem","position":2,"name":"Sklep","item":"https:\/\/banasik.art\/sklep\/"},{"@type":"ListItem","position":3,"name":"Naszynik &#8222;Zwi\u0105zany&#8221;"}]}]}},"_links":{"self":[{"href":"https:\/\/banasik.art\/sklep\/wp-json\/wp\/v2\/product\/5899","targetHints":{"allow":["GET"]}}],"collection":[{"href":"https:\/\/banasik.art\/sklep\/wp-json\/wp\/v2\/product"}],"about":[{"href":"https:\/\/banasik.art\/sklep\/wp-json\/wp\/v2\/types\/product"}],"replies":[{"embeddable":true,"href":"https:\/\/banasik.art\/sklep\/wp-json\/wp\/v2\/comments?post=5899"}],"wp:featuredmedia":[{"embeddable":true,"href":"https:\/\/banasik.art\/sklep\/wp-json\/wp\/v2\/media\/6558"}],"wp:attachment":[{"href":"https:\/\/banasik.art\/sklep\/wp-json\/wp\/v2\/media?parent=5899"}],"wp:term":[{"taxonomy":"product_cat","embeddable":true,"href":"https:\/\/banasik.art\/sklep\/wp-json\/wp\/v2\/product_cat?post=5899"},{"taxonomy":"product_tag","embeddable":true,"href":"https:\/\/banasik.art\/sklep\/wp-json\/wp\/v2\/product_tag?post=5899"}],"curies":[{"name":"wp","href":"https:\/\/api.w.org\/{rel}","templated":true}]}}